{"id":347,"date":"2012-05-05T22:19:20","date_gmt":"2012-05-05T22:19:20","guid":{"rendered":"http:\/\/www.dingergroup.com\/?page_id=347"},"modified":"2018-03-13T20:01:06","modified_gmt":"2018-03-13T20:01:06","slug":"clients","status":"publish","type":"page","link":"https:\/\/www.dingergroup.com\/en\/clients\/","title":{"rendered":"Clients"},"content":{"rendered":"<p><strong>Industrial Clients<\/strong><\/p>\n<ul>\n<li>Nestl\u00e9 Panam\u00e1<\/li>\n<li>Praxair Panam\u00e1<\/li>\n<li>Matadero Chiriqu\u00ed, S.A.<\/li>\n<li>IP Leather Corp.<\/li>\n<li>Energyst Corp<\/li>\n<\/ul>\n<p><strong>Corporate\/Commercial Clients<\/strong><\/p>\n<div class='one_half'>\n\t\t\t\t\t<ul>\n<li>PriceSmart Panam\u00e1<\/li>\n<li>Golf Realty<\/li>\n<li>Golf Park Plaza<\/li>\n<li>Masayo S.A.\/Edificio Vista Marina<\/li>\n<li>Balboa Office Center 15C<\/li>\n<li>SUCASA<\/li>\n<li>Franquicias Paname\u00f1as<\/li>\n<li>Inmobiliaria Paredes S.A.<\/li>\n<li>Construmax S.A.<\/li>\n<li>Caribbean Property Group, LLC.<\/li>\n<\/ul>\n\t\t\t\t<\/div> <div class='one_half et_column_last'>\n\t\t\t\t\t<ul>\n<li>COPA Airlines<\/li>\n<li>Bodegas Am\u00e9rica.<\/li>\n<li>Grupo Capital S.A.<\/li>\n<li>Sbarro Panam\u00e1.<\/li>\n<li>Home Interiors S.A.<\/li>\n<li>Rodelag<\/li>\n<li>Digicel<\/li>\n<li>Huawei<\/li>\n<li>Sunshine<\/li>\n<\/ul>\n\t\t\t\t<\/div><div class='clear'><\/div><\/p>\n<p><strong>Banking \/ Investment Company<\/strong><\/p>\n<div class='one_half'>\n\t\t\t\t\t<ul>\n<li>Credifactor<\/li>\n<li>Geneva Asset Management.<\/li>\n<li>HSBC Bank Panam\u00e1<\/li>\n<\/ul>\n\t\t\t\t<\/div> <div class='one_half et_column_last'>\n\t\t\t\t\t<ul>\n<li>Global Bank Panama<\/li>\n<li>Banco Aliado S.A<\/li>\n<\/ul>\n\t\t\t\t<\/div><div class='clear'><\/div><\/p>\n<p><strong>Residential Clients<\/strong><\/p>\n<div class='one_half'>\n\t\t\t\t\t<ul>\n<li>Residencia Halphen<\/li>\n<li>Casselton Properties<\/li>\n<li>Fildegrand S.A.<\/li>\n<li>PH Solea<\/li>\n<li>Vadelat Incorporated<\/li>\n<\/ul>\n\t\t\t\t<\/div> <div class='one_half et_column_last'>\n\t\t\t\t\t<ul>\n<li>ANIPAL S.A.<\/li>\n<li>Mr. Alberto Yemail<\/li>\n<li>Luz Blanca Holding S.A.<\/li>\n<li>Residencia Van Der Velden<\/li>\n<\/ul>\n\t\t\t\t<\/div><div class='clear'><\/div><\/p>\n","protected":false},"excerpt":{"rendered":"<p>Industrial Clients Nestl\u00e9 Panam\u00e1 Praxair Panam\u00e1 Matadero Chiriqu\u00ed, S.A. IP Leather Corp. Energyst Corp Corporate\/Commercial Clients Banking \/ Investment Company Residential Clients<\/p>\n","protected":false},"author":1,"featured_media":0,"parent":0,"menu_order":0,"comment_status":"open","ping_status":"open","template":"","meta":{"footnotes":""},"class_list":["post-347","page","type-page","status-publish","hentry"],"_links":{"self":[{"href":"https:\/\/www.dingergroup.com\/en\/wp-json\/wp\/v2\/pages\/347","targetHints":{"allow":["GET"]}}],"collection":[{"href":"https:\/\/www.dingergroup.com\/en\/wp-json\/wp\/v2\/pages"}],"about":[{"href":"https:\/\/www.dingergroup.com\/en\/wp-json\/wp\/v2\/types\/page"}],"author":[{"embeddable":true,"href":"https:\/\/www.dingergroup.com\/en\/wp-json\/wp\/v2\/users\/1"}],"replies":[{"embeddable":true,"href":"https:\/\/www.dingergroup.com\/en\/wp-json\/wp\/v2\/comments?post=347"}],"version-history":[{"count":6,"href":"https:\/\/www.dingergroup.com\/en\/wp-json\/wp\/v2\/pages\/347\/revisions"}],"predecessor-version":[{"id":580,"href":"https:\/\/www.dingergroup.com\/en\/wp-json\/wp\/v2\/pages\/347\/revisions\/580"}],"wp:attachment":[{"href":"https:\/\/www.dingergroup.com\/en\/wp-json\/wp\/v2\/media?parent=347"}],"curies":[{"name":"wp","href":"https:\/\/api.w.org\/{rel}","templated":true}]}}