{"id":381,"date":"2012-05-05T22:58:16","date_gmt":"2012-05-05T22:58:16","guid":{"rendered":"http:\/\/www.dingergroup.com\/?page_id=381"},"modified":"2012-05-05T22:58:16","modified_gmt":"2012-05-05T22:58:16","slug":"projects-currently-in-progress","status":"publish","type":"page","link":"https:\/\/www.dingergroup.com\/en\/projects-currently-in-progress\/","title":{"rendered":"Projects Currently in Progress"},"content":{"rendered":"<p><strong>Inmobiliaria Paredes<\/strong>\u00a0<strong> <\/strong><\/p>\n<p><strong><a href=\"http:\/\/www.dingergroup.com\/wp-content\/uploads\/Hotel-Miraflores-Final.jpg\"><img loading=\"lazy\" decoding=\"async\" class=\"alignnone size-medium wp-image-278\" title=\"Hotel Miraflores - Final\" src=\"http:\/\/www.dingergroup.com\/wp-content\/uploads\/Hotel-Miraflores-Final-210x300.jpg\" alt=\"\" width=\"210\" height=\"300\" srcset=\"https:\/\/www.dingergroup.com\/wp-content\/uploads\/Hotel-Miraflores-Final-210x300.jpg 210w, https:\/\/www.dingergroup.com\/wp-content\/uploads\/Hotel-Miraflores-Final-716x1024.jpg 716w, https:\/\/www.dingergroup.com\/wp-content\/uploads\/Hotel-Miraflores-Final.jpg 1820w\" sizes=\"auto, (max-width: 210px) 100vw, 210px\" \/><\/a><br \/>\n<\/strong><\/p>\n<ul>\n<li><strong><\/strong>Project Management<\/li>\n<li><strong><\/strong>Project: <strong>Hotel Miraflores<\/strong><\/li>\n<li>Panam\u00e1 Rep. de Panam\u00e1<\/li>\n<\/ul>\n<p><strong><\/strong><strong>Caribbean Property Group, LLC.<\/strong><\/p>\n<ul>\n<li>Owner Rep.<\/li>\n<li><strong><\/strong>Project:\n<ul>\n<ul>\n<li>Partcipation in the revised master plan.<\/li>\n<li>Completion of Works Racket 7.<\/li>\n<li>Design and development of works Racket 8.<\/li>\n<li>Building Partners SH1.<\/li>\n<li>Design and development of new building of 32 rooms .<\/li>\n<li>Design of Racket 9.<\/li>\n<li>CAPEX Works 2009-2011<\/li>\n<li>Developing several projects and TH Villas<\/li>\n<\/ul>\n<\/ul>\n<\/li>\n<li>Royal Decameron Resort, Golf &amp; Villas.<\/li>\n<li>Farall\u00f3n, Cocl\u00e9.<\/li>\n<\/ul>\n<p><strong>Praxair Panama<\/strong><\/p>\n<ul>\n<li>Design Plans<\/li>\n<li>Project: Supply Plant<\/li>\n<li>Tocumen, Rep. de Panama<\/li>\n<\/ul>\n<p><strong><\/strong><strong>Casselton Properties<\/strong><\/p>\n<ul>\n<li>Project Management<\/li>\n<li>Project:\u00a0<strong>Construction of Private Beach<\/strong><\/li>\n<li>R\u00edo Hato, Rep\u00fablica de Panam\u00e1<\/li>\n<\/ul>\n<p><strong>Fildegrand<\/strong><\/p>\n<ul>\n<li>Inspection of Project<\/li>\n<li>Project: <strong>Residence en Buena Ventura<\/strong><\/li>\n<li>Rio Hato, Panama<\/li>\n<\/ul>\n","protected":false},"excerpt":{"rendered":"<p>Inmobiliaria Paredes\u00a0 Project Management Project: Hotel Miraflores Panam\u00e1 Rep. de Panam\u00e1 Caribbean Property Group, LLC. Owner Rep. Project: Partcipation in the revised master plan. Completion of Works Racket 7. Design and development of works Racket 8. Building Partners SH1. Design and development of new building of 32 rooms . Design of Racket 9. CAPEX Works [&hellip;]<\/p>\n","protected":false},"author":1,"featured_media":0,"parent":0,"menu_order":0,"comment_status":"closed","ping_status":"closed","template":"","meta":{"footnotes":""},"class_list":["post-381","page","type-page","status-publish","hentry"],"_links":{"self":[{"href":"https:\/\/www.dingergroup.com\/en\/wp-json\/wp\/v2\/pages\/381","targetHints":{"allow":["GET"]}}],"collection":[{"href":"https:\/\/www.dingergroup.com\/en\/wp-json\/wp\/v2\/pages"}],"about":[{"href":"https:\/\/www.dingergroup.com\/en\/wp-json\/wp\/v2\/types\/page"}],"author":[{"embeddable":true,"href":"https:\/\/www.dingergroup.com\/en\/wp-json\/wp\/v2\/users\/1"}],"replies":[{"embeddable":true,"href":"https:\/\/www.dingergroup.com\/en\/wp-json\/wp\/v2\/comments?post=381"}],"version-history":[{"count":1,"href":"https:\/\/www.dingergroup.com\/en\/wp-json\/wp\/v2\/pages\/381\/revisions"}],"predecessor-version":[{"id":382,"href":"https:\/\/www.dingergroup.com\/en\/wp-json\/wp\/v2\/pages\/381\/revisions\/382"}],"wp:attachment":[{"href":"https:\/\/www.dingergroup.com\/en\/wp-json\/wp\/v2\/media?parent=381"}],"curies":[{"name":"wp","href":"https:\/\/api.w.org\/{rel}","templated":true}]}}