{"id":383,"date":"2012-05-05T23:03:10","date_gmt":"2012-05-05T23:03:10","guid":{"rendered":"http:\/\/www.dingergroup.com\/?page_id=383"},"modified":"2012-05-05T23:03:10","modified_gmt":"2012-05-05T23:03:10","slug":"international-projects-executed","status":"publish","type":"page","link":"https:\/\/www.dingergroup.com\/en\/international-projects-executed\/","title":{"rendered":"International Projects Executed"},"content":{"rendered":"<h4><strong>Bodegas Am\u00e9rica Barranquilla<\/strong><\/h4>\n<ul>\n<li>Project Management (P.M.)<\/li>\n<li>Project:\u00a0<strong>Bodegas Am\u00e9rica<\/strong>. Storage Warehouses<\/li>\n<li>Barranquilla, Colombia.<\/li>\n<\/ul>\n<h4><strong>Caribbean Property Group, LLC.<\/strong><\/h4>\n<ul>\n<li><strong>Owner Rep.<\/strong><\/li>\n<\/ul>\n<ul>\n<li><strong>Project: <\/strong>\n<ul>\n<ul>\n<li>Renovation of 120 rooms.<\/li>\n<li>Rehabilitation of Hot Water System<\/li>\n<li>Design for Extension of meeting rooms.<\/li>\n<\/ul>\n<\/ul>\n<\/li>\n<li><strong>Hotel Courtyard, Escaz\u00fa<\/strong><\/li>\n<li>Escaz\u00fa, San Jos\u00e9, Costa Rica.<strong><\/strong><\/li>\n<\/ul>\n<p><strong>Project: Completion of PIP to flag Hilton<\/strong><\/p>\n<ul>\n<li><strong>Hotel Double Tree by Hilton.<\/strong><\/li>\n<li><strong>Puntarenas, Costa Rica.<\/strong><\/li>\n<\/ul>\n<ul>\n<li>Project:\n<ul>\n<li>Conclusion of the Hilton flag PIP<\/li>\n<li>Obras CAPEX 2009 y 2010<\/li>\n<\/ul>\n<\/li>\n<li><strong>Hilton<\/strong> <strong>Hotel, Resort &amp; Spa, Papagayo<\/strong><\/li>\n<li>Guanacaste, Costa Rica.<\/li>\n<\/ul>\n<ul>\n<li>Project:\n<ul>\n<li>Lobby Renovation<\/li>\n<\/ul>\n<ul>\n<li>Obras CAPEX 2011<\/li>\n<\/ul>\n<\/li>\n<li><strong>Courtyard Port of Spain (POS)<\/strong><\/li>\n<li>Trinidad &amp; Tobago.<\/li>\n<\/ul>\n<ul>\n<li>Project: Renovation of 143 rooms<\/li>\n<li><strong>Courtyard Hotel (SDO)<\/strong><\/li>\n<li>Santo Domingo, Rep\u00fablica Dominicana.<\/li>\n<\/ul>\n","protected":false},"excerpt":{"rendered":"<p>Bodegas Am\u00e9rica Barranquilla Project Management (P.M.) Project:\u00a0Bodegas Am\u00e9rica. Storage Warehouses Barranquilla, Colombia. Caribbean Property Group, LLC. Owner Rep. Project: Renovation of 120 rooms. Rehabilitation of Hot Water System Design for Extension of meeting rooms. Hotel Courtyard, Escaz\u00fa Escaz\u00fa, San Jos\u00e9, Costa Rica. Project: Completion of PIP to flag Hilton Hotel Double Tree by Hilton. Puntarenas, [&hellip;]<\/p>\n","protected":false},"author":1,"featured_media":0,"parent":0,"menu_order":0,"comment_status":"closed","ping_status":"closed","template":"","meta":{"footnotes":""},"class_list":["post-383","page","type-page","status-publish","hentry"],"_links":{"self":[{"href":"https:\/\/www.dingergroup.com\/en\/wp-json\/wp\/v2\/pages\/383","targetHints":{"allow":["GET"]}}],"collection":[{"href":"https:\/\/www.dingergroup.com\/en\/wp-json\/wp\/v2\/pages"}],"about":[{"href":"https:\/\/www.dingergroup.com\/en\/wp-json\/wp\/v2\/types\/page"}],"author":[{"embeddable":true,"href":"https:\/\/www.dingergroup.com\/en\/wp-json\/wp\/v2\/users\/1"}],"replies":[{"embeddable":true,"href":"https:\/\/www.dingergroup.com\/en\/wp-json\/wp\/v2\/comments?post=383"}],"version-history":[{"count":1,"href":"https:\/\/www.dingergroup.com\/en\/wp-json\/wp\/v2\/pages\/383\/revisions"}],"predecessor-version":[{"id":384,"href":"https:\/\/www.dingergroup.com\/en\/wp-json\/wp\/v2\/pages\/383\/revisions\/384"}],"wp:attachment":[{"href":"https:\/\/www.dingergroup.com\/en\/wp-json\/wp\/v2\/media?parent=383"}],"curies":[{"name":"wp","href":"https:\/\/api.w.org\/{rel}","templated":true}]}}