{"id":393,"date":"2012-05-05T23:16:55","date_gmt":"2012-05-05T23:16:55","guid":{"rendered":"http:\/\/www.dingergroup.com\/?page_id=393"},"modified":"2018-03-13T20:10:35","modified_gmt":"2018-03-13T20:10:35","slug":"commercial","status":"publish","type":"page","link":"https:\/\/www.dingergroup.com\/en\/commercial\/","title":{"rendered":"Commercial"},"content":{"rendered":"<p><strong>Edificio 6000 \u2022 Causeway de Amador.<\/strong><\/p>\n<p><a href=\"http:\/\/www.dingergroup.com\/wp-content\/uploads\/4Edif6000.jpg\"><img loading=\"lazy\" decoding=\"async\" class=\"alignnone size-thumbnail wp-image-437\" title=\"4Edif6000\" src=\"http:\/\/www.dingergroup.com\/wp-content\/uploads\/4Edif6000-150x150.jpg\" alt=\"\" width=\"150\" height=\"150\" srcset=\"https:\/\/www.dingergroup.com\/wp-content\/uploads\/4Edif6000-150x150.jpg 150w, https:\/\/www.dingergroup.com\/wp-content\/uploads\/4Edif6000-184x184.jpg 184w, https:\/\/www.dingergroup.com\/wp-content\/uploads\/4Edif6000-200x200.jpg 200w\" sizes=\"auto, (max-width: 150px) 100vw, 150px\" \/><\/a> <a href=\"http:\/\/www.dingergroup.com\/wp-content\/uploads\/3Edif6000.jpg\"><img loading=\"lazy\" decoding=\"async\" class=\"alignnone size-thumbnail wp-image-436\" title=\"3Edif6000\" src=\"http:\/\/www.dingergroup.com\/wp-content\/uploads\/3Edif6000-150x150.jpg\" alt=\"\" width=\"150\" height=\"150\" srcset=\"https:\/\/www.dingergroup.com\/wp-content\/uploads\/3Edif6000-150x150.jpg 150w, https:\/\/www.dingergroup.com\/wp-content\/uploads\/3Edif6000-184x184.jpg 184w, https:\/\/www.dingergroup.com\/wp-content\/uploads\/3Edif6000-200x200.jpg 200w\" sizes=\"auto, (max-width: 150px) 100vw, 150px\" \/><\/a> <a href=\"http:\/\/www.dingergroup.com\/wp-content\/uploads\/2Edif6000.jpg\"><img loading=\"lazy\" decoding=\"async\" class=\"alignnone size-thumbnail wp-image-435\" title=\"2Edif6000\" src=\"http:\/\/www.dingergroup.com\/wp-content\/uploads\/2Edif6000-150x150.jpg\" alt=\"\" width=\"150\" height=\"150\" srcset=\"https:\/\/www.dingergroup.com\/wp-content\/uploads\/2Edif6000-150x150.jpg 150w, https:\/\/www.dingergroup.com\/wp-content\/uploads\/2Edif6000-184x184.jpg 184w, https:\/\/www.dingergroup.com\/wp-content\/uploads\/2Edif6000-200x200.jpg 200w\" sizes=\"auto, (max-width: 150px) 100vw, 150px\" \/><\/a> <a href=\"http:\/\/www.dingergroup.com\/wp-content\/uploads\/1Edif6000.jpg\"><img loading=\"lazy\" decoding=\"async\" class=\"alignnone size-thumbnail wp-image-434\" title=\"1Edif6000\" src=\"http:\/\/www.dingergroup.com\/wp-content\/uploads\/1Edif6000-150x150.jpg\" alt=\"\" width=\"150\" height=\"150\" srcset=\"https:\/\/www.dingergroup.com\/wp-content\/uploads\/1Edif6000-150x150.jpg 150w, https:\/\/www.dingergroup.com\/wp-content\/uploads\/1Edif6000-184x184.jpg 184w, https:\/\/www.dingergroup.com\/wp-content\/uploads\/1Edif6000-200x200.jpg 200w\" sizes=\"auto, (max-width: 150px) 100vw, 150px\" \/><\/a><\/p>\n<p><strong>COPA AIRLINES (Compa\u00f1\u00eda Paname\u00f1a de Aviaci\u00f3n)<\/strong><\/p>\n<p><a href=\"http:\/\/www.dingergroup.com\/wp-content\/uploads\/copapresclub1.jpg\"><img loading=\"lazy\" decoding=\"async\" class=\"alignnone size-thumbnail wp-image-228\" title=\"copapresclub\" src=\"http:\/\/www.dingergroup.com\/wp-content\/uploads\/copapresclub1-150x150.jpg\" alt=\"\" width=\"150\" height=\"150\" srcset=\"https:\/\/www.dingergroup.com\/wp-content\/uploads\/copapresclub1-150x150.jpg 150w, https:\/\/www.dingergroup.com\/wp-content\/uploads\/copapresclub1-184x184.jpg 184w, https:\/\/www.dingergroup.com\/wp-content\/uploads\/copapresclub1-200x200.jpg 200w\" sizes=\"auto, (max-width: 150px) 100vw, 150px\" \/><\/a> <a href=\"http:\/\/www.dingergroup.com\/wp-content\/uploads\/copaclub11.jpg\"><img loading=\"lazy\" decoding=\"async\" class=\"alignnone size-thumbnail wp-image-227\" title=\"copaclub1\" src=\"http:\/\/www.dingergroup.com\/wp-content\/uploads\/copaclub11-150x150.jpg\" alt=\"\" width=\"150\" height=\"150\" srcset=\"https:\/\/www.dingergroup.com\/wp-content\/uploads\/copaclub11-150x150.jpg 150w, https:\/\/www.dingergroup.com\/wp-content\/uploads\/copaclub11-184x184.jpg 184w, https:\/\/www.dingergroup.com\/wp-content\/uploads\/copaclub11-200x200.jpg 200w\" sizes=\"auto, (max-width: 150px) 100vw, 150px\" \/><\/a><\/p>\n<h4><strong>Sbarro Panam\u00e1\/ Home Interiors Scavolini<\/strong><\/h4>\n<p><a href=\"http:\/\/www.dingergroup.com\/wp-content\/uploads\/1Sbarro.jpg\"><img loading=\"lazy\" decoding=\"async\" class=\"alignnone size-thumbnail wp-image-430\" title=\"1Sbarro\" src=\"http:\/\/www.dingergroup.com\/wp-content\/uploads\/1Sbarro-150x150.jpg\" alt=\"\" width=\"150\" height=\"150\" srcset=\"https:\/\/www.dingergroup.com\/wp-content\/uploads\/1Sbarro-150x150.jpg 150w, https:\/\/www.dingergroup.com\/wp-content\/uploads\/1Sbarro-184x184.jpg 184w, https:\/\/www.dingergroup.com\/wp-content\/uploads\/1Sbarro-200x200.jpg 200w\" sizes=\"auto, (max-width: 150px) 100vw, 150px\" \/><\/a> <a href=\"http:\/\/www.dingergroup.com\/wp-content\/uploads\/2Sbarro.jpg\"><img loading=\"lazy\" decoding=\"async\" class=\"alignnone size-thumbnail wp-image-431\" title=\"2Sbarro\" src=\"http:\/\/www.dingergroup.com\/wp-content\/uploads\/2Sbarro-150x150.jpg\" alt=\"\" width=\"150\" height=\"150\" srcset=\"https:\/\/www.dingergroup.com\/wp-content\/uploads\/2Sbarro-150x150.jpg 150w, https:\/\/www.dingergroup.com\/wp-content\/uploads\/2Sbarro-184x184.jpg 184w, https:\/\/www.dingergroup.com\/wp-content\/uploads\/2Sbarro-200x200.jpg 200w\" sizes=\"auto, (max-width: 150px) 100vw, 150px\" \/><\/a> <a href=\"http:\/\/www.dingergroup.com\/wp-content\/uploads\/3Sbarro.jpg\"><img loading=\"lazy\" decoding=\"async\" class=\"alignnone size-thumbnail wp-image-432\" title=\"3Sbarro\" src=\"http:\/\/www.dingergroup.com\/wp-content\/uploads\/3Sbarro-150x150.jpg\" alt=\"\" width=\"150\" height=\"150\" srcset=\"https:\/\/www.dingergroup.com\/wp-content\/uploads\/3Sbarro-150x150.jpg 150w, https:\/\/www.dingergroup.com\/wp-content\/uploads\/3Sbarro-184x184.jpg 184w, https:\/\/www.dingergroup.com\/wp-content\/uploads\/3Sbarro-200x200.jpg 200w\" sizes=\"auto, (max-width: 150px) 100vw, 150px\" \/><\/a><\/p>\n<p><strong>Geneva Asset Management<\/strong><\/p>\n<p><a href=\"http:\/\/www.dingergroup.com\/wp-content\/uploads\/26-sept-07-018.jpg\"><img loading=\"lazy\" decoding=\"async\" class=\"alignnone size-thumbnail wp-image-405\" title=\"26 sept 07 018\" src=\"http:\/\/www.dingergroup.com\/wp-content\/uploads\/26-sept-07-018-150x150.jpg\" alt=\"\" width=\"150\" height=\"150\" srcset=\"https:\/\/www.dingergroup.com\/wp-content\/uploads\/26-sept-07-018-150x150.jpg 150w, https:\/\/www.dingergroup.com\/wp-content\/uploads\/26-sept-07-018-184x184.jpg 184w, https:\/\/www.dingergroup.com\/wp-content\/uploads\/26-sept-07-018-200x200.jpg 200w\" sizes=\"auto, (max-width: 150px) 100vw, 150px\" \/><\/a> <a href=\"http:\/\/www.dingergroup.com\/wp-content\/uploads\/11-dic-07-0371.jpg\"><img loading=\"lazy\" decoding=\"async\" class=\"alignnone size-thumbnail wp-image-400\" title=\"11 dic 07 037\" src=\"http:\/\/www.dingergroup.com\/wp-content\/uploads\/11-dic-07-0371-150x150.jpg\" alt=\"\" width=\"150\" height=\"150\" srcset=\"https:\/\/www.dingergroup.com\/wp-content\/uploads\/11-dic-07-0371-150x150.jpg 150w, https:\/\/www.dingergroup.com\/wp-content\/uploads\/11-dic-07-0371-184x184.jpg 184w, https:\/\/www.dingergroup.com\/wp-content\/uploads\/11-dic-07-0371-200x200.jpg 200w\" sizes=\"auto, (max-width: 150px) 100vw, 150px\" \/><\/a><\/p>\n<p><strong>Sunshine\/ <\/strong><strong>Sr. Alberto Yemail<\/strong><\/p>\n<p><a href=\"http:\/\/www.dingergroup.com\/wp-content\/uploads\/16-feb-07-077.jpg\"><img loading=\"lazy\" decoding=\"async\" class=\"alignnone size-thumbnail wp-image-226\" title=\"16 feb 07 077\" src=\"http:\/\/www.dingergroup.com\/wp-content\/uploads\/16-feb-07-077-150x150.jpg\" alt=\"\" width=\"150\" height=\"150\" srcset=\"https:\/\/www.dingergroup.com\/wp-content\/uploads\/16-feb-07-077-150x150.jpg 150w, https:\/\/www.dingergroup.com\/wp-content\/uploads\/16-feb-07-077-184x184.jpg 184w, https:\/\/www.dingergroup.com\/wp-content\/uploads\/16-feb-07-077-200x200.jpg 200w\" sizes=\"auto, (max-width: 150px) 100vw, 150px\" \/><\/a> <a href=\"http:\/\/www.dingergroup.com\/wp-content\/uploads\/16-feb-07-074.jpg\"><img loading=\"lazy\" decoding=\"async\" class=\"alignnone size-thumbnail wp-image-401\" title=\"16 feb 07 074\" src=\"http:\/\/www.dingergroup.com\/wp-content\/uploads\/16-feb-07-074-150x150.jpg\" alt=\"\" width=\"150\" height=\"150\" srcset=\"https:\/\/www.dingergroup.com\/wp-content\/uploads\/16-feb-07-074-150x150.jpg 150w, https:\/\/www.dingergroup.com\/wp-content\/uploads\/16-feb-07-074-184x184.jpg 184w, https:\/\/www.dingergroup.com\/wp-content\/uploads\/16-feb-07-074-200x200.jpg 200w\" sizes=\"auto, (max-width: 150px) 100vw, 150px\" \/><\/a><\/p>\n<h4><strong>Mundial de Baseball 2011\u00a0Comite Organizador<\/strong><\/h4>\n<p><a href=\"http:\/\/www.dingergroup.com\/wp-content\/uploads\/IMG_1671.jpg\"><img loading=\"lazy\" decoding=\"async\" class=\"alignnone size-thumbnail wp-image-339\" title=\"IMG_1671\" src=\"http:\/\/www.dingergroup.com\/wp-content\/uploads\/IMG_1671-150x150.jpg\" alt=\"\" width=\"150\" height=\"150\" srcset=\"https:\/\/www.dingergroup.com\/wp-content\/uploads\/IMG_1671-150x150.jpg 150w, https:\/\/www.dingergroup.com\/wp-content\/uploads\/IMG_1671-184x184.jpg 184w, https:\/\/www.dingergroup.com\/wp-content\/uploads\/IMG_1671-200x200.jpg 200w\" sizes=\"auto, (max-width: 150px) 100vw, 150px\" \/><\/a> <a href=\"http:\/\/www.dingergroup.com\/wp-content\/uploads\/P1050711.jpg\"><img loading=\"lazy\" decoding=\"async\" class=\"alignnone size-thumbnail wp-image-338\" title=\"P1050711\" src=\"http:\/\/www.dingergroup.com\/wp-content\/uploads\/P1050711-150x150.jpg\" alt=\"\" width=\"150\" height=\"150\" srcset=\"https:\/\/www.dingergroup.com\/wp-content\/uploads\/P1050711-150x150.jpg 150w, https:\/\/www.dingergroup.com\/wp-content\/uploads\/P1050711-184x184.jpg 184w, https:\/\/www.dingergroup.com\/wp-content\/uploads\/P1050711-200x200.jpg 200w\" sizes=\"auto, (max-width: 150px) 100vw, 150px\" \/><\/a> <a href=\"http:\/\/www.dingergroup.com\/wp-content\/uploads\/P1050789.jpg\"><img loading=\"lazy\" decoding=\"async\" class=\"alignnone size-thumbnail wp-image-337\" title=\"P1050789\" src=\"http:\/\/www.dingergroup.com\/wp-content\/uploads\/P1050789-150x150.jpg\" alt=\"\" width=\"150\" height=\"150\" srcset=\"https:\/\/www.dingergroup.com\/wp-content\/uploads\/P1050789-150x150.jpg 150w, https:\/\/www.dingergroup.com\/wp-content\/uploads\/P1050789-184x184.jpg 184w, https:\/\/www.dingergroup.com\/wp-content\/uploads\/P1050789-200x200.jpg 200w\" sizes=\"auto, (max-width: 150px) 100vw, 150px\" \/><\/a> <a href=\"http:\/\/www.dingergroup.com\/wp-content\/uploads\/IMG_1087.jpg\"><img loading=\"lazy\" decoding=\"async\" class=\"alignnone size-thumbnail wp-image-334\" title=\"IMG_1087\" src=\"http:\/\/www.dingergroup.com\/wp-content\/uploads\/IMG_1087-150x150.jpg\" alt=\"\" width=\"150\" height=\"150\" srcset=\"https:\/\/www.dingergroup.com\/wp-content\/uploads\/IMG_1087-150x150.jpg 150w, https:\/\/www.dingergroup.com\/wp-content\/uploads\/IMG_1087-184x184.jpg 184w, https:\/\/www.dingergroup.com\/wp-content\/uploads\/IMG_1087-200x200.jpg 200w\" sizes=\"auto, (max-width: 150px) 100vw, 150px\" \/><\/a><\/p>\n","protected":false},"excerpt":{"rendered":"<p>Edificio 6000 \u2022 Causeway de Amador. COPA AIRLINES (Compa\u00f1\u00eda Paname\u00f1a de Aviaci\u00f3n) Sbarro Panam\u00e1\/ Home Interiors Scavolini Geneva Asset Management Sunshine\/ Sr. Alberto Yemail Mundial de Baseball 2011\u00a0Comite Organizador<\/p>\n","protected":false},"author":1,"featured_media":0,"parent":0,"menu_order":0,"comment_status":"closed","ping_status":"closed","template":"","meta":{"footnotes":""},"class_list":["post-393","page","type-page","status-publish","hentry"],"_links":{"self":[{"href":"https:\/\/www.dingergroup.com\/en\/wp-json\/wp\/v2\/pages\/393","targetHints":{"allow":["GET"]}}],"collection":[{"href":"https:\/\/www.dingergroup.com\/en\/wp-json\/wp\/v2\/pages"}],"about":[{"href":"https:\/\/www.dingergroup.com\/en\/wp-json\/wp\/v2\/types\/page"}],"author":[{"embeddable":true,"href":"https:\/\/www.dingergroup.com\/en\/wp-json\/wp\/v2\/users\/1"}],"replies":[{"embeddable":true,"href":"https:\/\/www.dingergroup.com\/en\/wp-json\/wp\/v2\/comments?post=393"}],"version-history":[{"count":6,"href":"https:\/\/www.dingergroup.com\/en\/wp-json\/wp\/v2\/pages\/393\/revisions"}],"predecessor-version":[{"id":1344,"href":"https:\/\/www.dingergroup.com\/en\/wp-json\/wp\/v2\/pages\/393\/revisions\/1344"}],"wp:attachment":[{"href":"https:\/\/www.dingergroup.com\/en\/wp-json\/wp\/v2\/media?parent=393"}],"curies":[{"name":"wp","href":"https:\/\/api.w.org\/{rel}","templated":true}]}}