{"id":444,"date":"2012-05-21T23:20:11","date_gmt":"2012-05-21T23:20:11","guid":{"rendered":"http:\/\/www.dingergroup.com\/?page_id=444"},"modified":"2012-05-21T23:22:58","modified_gmt":"2012-05-21T23:22:58","slug":"local-projects-executed","status":"publish","type":"page","link":"https:\/\/www.dingergroup.com\/en\/local-projects-executed\/","title":{"rendered":"Local Projects Executed"},"content":{"rendered":"<p id=\"yui_3_2_0_1_1337639106390325\"><strong>Fildegreand \u2022\u00a0Buenaventura.<\/strong><\/p>\n<p><a href=\"http:\/\/www.dingergroup.com\/wp-content\/uploads\/1Fildegreand.jpg\"><img loading=\"lazy\" decoding=\"async\" class=\"alignnone size-thumbnail wp-image-439\" title=\"1Fildegreand\" src=\"http:\/\/www.dingergroup.com\/wp-content\/uploads\/1Fildegreand-150x150.jpg\" alt=\"\" width=\"150\" height=\"150\" srcset=\"https:\/\/www.dingergroup.com\/wp-content\/uploads\/1Fildegreand-150x150.jpg 150w, https:\/\/www.dingergroup.com\/wp-content\/uploads\/1Fildegreand-184x184.jpg 184w, https:\/\/www.dingergroup.com\/wp-content\/uploads\/1Fildegreand-200x200.jpg 200w\" sizes=\"auto, (max-width: 150px) 100vw, 150px\" \/><\/a> <a href=\"http:\/\/www.dingergroup.com\/wp-content\/uploads\/2Fildegreand.jpg\"><img loading=\"lazy\" decoding=\"async\" class=\"alignnone size-thumbnail wp-image-440\" title=\"2Fildegreand\" src=\"http:\/\/www.dingergroup.com\/wp-content\/uploads\/2Fildegreand-150x150.jpg\" alt=\"\" width=\"150\" height=\"150\" srcset=\"https:\/\/www.dingergroup.com\/wp-content\/uploads\/2Fildegreand-150x150.jpg 150w, https:\/\/www.dingergroup.com\/wp-content\/uploads\/2Fildegreand-184x184.jpg 184w, https:\/\/www.dingergroup.com\/wp-content\/uploads\/2Fildegreand-200x200.jpg 200w\" sizes=\"auto, (max-width: 150px) 100vw, 150px\" \/><\/a> <a href=\"http:\/\/www.dingergroup.com\/wp-content\/uploads\/4Fildegreand.jpg\"><img loading=\"lazy\" decoding=\"async\" class=\"alignnone size-thumbnail wp-image-442\" title=\"4Fildegreand\" src=\"http:\/\/www.dingergroup.com\/wp-content\/uploads\/4Fildegreand-150x150.jpg\" alt=\"\" width=\"150\" height=\"150\" srcset=\"https:\/\/www.dingergroup.com\/wp-content\/uploads\/4Fildegreand-150x150.jpg 150w, https:\/\/www.dingergroup.com\/wp-content\/uploads\/4Fildegreand-184x184.jpg 184w, https:\/\/www.dingergroup.com\/wp-content\/uploads\/4Fildegreand-200x200.jpg 200w\" sizes=\"auto, (max-width: 150px) 100vw, 150px\" \/> <\/a><a href=\"http:\/\/www.dingergroup.com\/wp-content\/uploads\/3Fildegreand.jpg\"><img loading=\"lazy\" decoding=\"async\" class=\"alignnone size-thumbnail wp-image-441\" title=\"3Fildegreand\" src=\"http:\/\/www.dingergroup.com\/wp-content\/uploads\/3Fildegreand-150x150.jpg\" alt=\"\" width=\"150\" height=\"150\" srcset=\"https:\/\/www.dingergroup.com\/wp-content\/uploads\/3Fildegreand-150x150.jpg 150w, https:\/\/www.dingergroup.com\/wp-content\/uploads\/3Fildegreand-184x184.jpg 184w, https:\/\/www.dingergroup.com\/wp-content\/uploads\/3Fildegreand-200x200.jpg 200w\" sizes=\"auto, (max-width: 150px) 100vw, 150px\" \/><\/a> <strong><\/strong><\/p>\n<p><strong>Edificio 6000 \u2022 Causeway de Amador.<\/strong><\/p>\n<p><a href=\"http:\/\/www.dingergroup.com\/wp-content\/uploads\/1Edif6000.jpg\"><img loading=\"lazy\" decoding=\"async\" class=\"alignnone size-thumbnail wp-image-434\" title=\"1Edif6000\" src=\"http:\/\/www.dingergroup.com\/wp-content\/uploads\/1Edif6000-150x150.jpg\" alt=\"\" width=\"150\" height=\"150\" srcset=\"https:\/\/www.dingergroup.com\/wp-content\/uploads\/1Edif6000-150x150.jpg 150w, https:\/\/www.dingergroup.com\/wp-content\/uploads\/1Edif6000-184x184.jpg 184w, https:\/\/www.dingergroup.com\/wp-content\/uploads\/1Edif6000-200x200.jpg 200w\" sizes=\"auto, (max-width: 150px) 100vw, 150px\" \/><\/a> <a href=\"http:\/\/www.dingergroup.com\/wp-content\/uploads\/2Edif6000.jpg\"><img loading=\"lazy\" decoding=\"async\" class=\"alignnone size-thumbnail wp-image-435\" title=\"2Edif6000\" src=\"http:\/\/www.dingergroup.com\/wp-content\/uploads\/2Edif6000-150x150.jpg\" alt=\"\" width=\"150\" height=\"150\" srcset=\"https:\/\/www.dingergroup.com\/wp-content\/uploads\/2Edif6000-150x150.jpg 150w, https:\/\/www.dingergroup.com\/wp-content\/uploads\/2Edif6000-184x184.jpg 184w, https:\/\/www.dingergroup.com\/wp-content\/uploads\/2Edif6000-200x200.jpg 200w\" sizes=\"auto, (max-width: 150px) 100vw, 150px\" \/><\/a> <a href=\"http:\/\/www.dingergroup.com\/wp-content\/uploads\/3Edif6000.jpg\"><img loading=\"lazy\" decoding=\"async\" class=\"alignnone size-thumbnail wp-image-436\" title=\"3Edif6000\" src=\"http:\/\/www.dingergroup.com\/wp-content\/uploads\/3Edif6000-150x150.jpg\" alt=\"\" width=\"150\" height=\"150\" srcset=\"https:\/\/www.dingergroup.com\/wp-content\/uploads\/3Edif6000-150x150.jpg 150w, https:\/\/www.dingergroup.com\/wp-content\/uploads\/3Edif6000-184x184.jpg 184w, https:\/\/www.dingergroup.com\/wp-content\/uploads\/3Edif6000-200x200.jpg 200w\" sizes=\"auto, (max-width: 150px) 100vw, 150px\" \/><\/a> <a href=\"http:\/\/www.dingergroup.com\/wp-content\/uploads\/4Edif6000.jpg\"><img loading=\"lazy\" decoding=\"async\" class=\"alignnone size-thumbnail wp-image-437\" title=\"4Edif6000\" src=\"http:\/\/www.dingergroup.com\/wp-content\/uploads\/4Edif6000-150x150.jpg\" alt=\"\" width=\"150\" height=\"150\" srcset=\"https:\/\/www.dingergroup.com\/wp-content\/uploads\/4Edif6000-150x150.jpg 150w, https:\/\/www.dingergroup.com\/wp-content\/uploads\/4Edif6000-184x184.jpg 184w, https:\/\/www.dingergroup.com\/wp-content\/uploads\/4Edif6000-200x200.jpg 200w\" sizes=\"auto, (max-width: 150px) 100vw, 150px\" \/><\/a> <strong><\/strong><\/p>\n<p><strong>COPA AIRLINES (Compa\u00f1\u00eda Paname\u00f1a de Aviaci\u00f3n)<\/strong><\/p>\n<ul>\n<li>Inspecci\u00f3n<\/li>\n<li>Proyecto: <strong>Remodelaci\u00f3n del Presidents Club.<\/strong><\/li>\n<li>Toc\u00famen, Ciudad de Panam\u00e1.<\/li>\n<\/ul>\n<p><img loading=\"lazy\" decoding=\"async\" class=\"alignnone\" src=\"http:\/\/www.dingergroup.com\/wp-content\/uploads\/copaclub1.jpg\" alt=\"\" width=\"185\" height=\"139\" \/> <img loading=\"lazy\" decoding=\"async\" class=\"alignnone\" src=\"http:\/\/www.dingergroup.com\/wp-content\/uploads\/copapresclub.jpg\" alt=\"\" width=\"190\" height=\"144\" \/><\/p>\n<h4><strong>Banco Aliado <\/strong><\/h4>\n<ul>\n<li>Inspecci\u00f3n de Proyecto<\/li>\n<li>Proyecto: <strong>Remodelaci\u00f3n de Oficinas <\/strong><\/li>\n<li>Calle 50, Ciudad de Panam\u00e1<\/li>\n<\/ul>\n<p><img loading=\"lazy\" decoding=\"async\" class=\"alignnone\" src=\"http:\/\/www.dingergroup.com\/wp-content\/uploads\/BcoAliado\/IMG_3697.JPG\" alt=\"\" width=\"115\" height=\"173\" \/> <img loading=\"lazy\" decoding=\"async\" class=\"alignnone\" src=\"http:\/\/www.dingergroup.com\/wp-content\/uploads\/BcoAliado\/IMG_3698.JPG\" alt=\"\" width=\"173\" height=\"115\" \/> <img loading=\"lazy\" decoding=\"async\" class=\"alignnone\" src=\"http:\/\/www.dingergroup.com\/wp-content\/uploads\/BcoAliado\/IMG_3696.JPG\" alt=\"\" width=\"173\" height=\"115\" \/><\/p>\n<h4><strong>Sbarro Panam\u00e1\/ Home Interiors Scavolini<\/strong><\/h4>\n<ul>\n<li>Administraci\u00f3n de Proyecto\/Construcci\u00f3n<\/li>\n<li>Proyecto: Remodelaci\u00f3n de restaurante<\/li>\n<li>Albrook<\/li>\n<li>Multiplaza<\/li>\n<li>Proyecto: Remodelaci\u00f3n de Showroom Scavolini<\/li>\n<li>V\u00eda Brasil, Ciudad de Panam\u00e1.<\/li>\n<\/ul>\n<p><a href=\"http:\/\/www.dingergroup.com\/wp-content\/uploads\/1Sbarro.jpg\"><img loading=\"lazy\" decoding=\"async\" class=\"alignnone size-thumbnail wp-image-430\" title=\"1Sbarro\" src=\"http:\/\/www.dingergroup.com\/wp-content\/uploads\/1Sbarro-150x150.jpg\" alt=\"\" width=\"150\" height=\"150\" srcset=\"https:\/\/www.dingergroup.com\/wp-content\/uploads\/1Sbarro-150x150.jpg 150w, https:\/\/www.dingergroup.com\/wp-content\/uploads\/1Sbarro-184x184.jpg 184w, https:\/\/www.dingergroup.com\/wp-content\/uploads\/1Sbarro-200x200.jpg 200w\" sizes=\"auto, (max-width: 150px) 100vw, 150px\" \/><\/a><a href=\"http:\/\/www.dingergroup.com\/wp-content\/uploads\/2Sbarro.jpg\"> <img loading=\"lazy\" decoding=\"async\" class=\"alignnone size-thumbnail wp-image-431\" title=\"2Sbarro\" src=\"http:\/\/www.dingergroup.com\/wp-content\/uploads\/2Sbarro-150x150.jpg\" alt=\"\" width=\"150\" height=\"150\" srcset=\"https:\/\/www.dingergroup.com\/wp-content\/uploads\/2Sbarro-150x150.jpg 150w, https:\/\/www.dingergroup.com\/wp-content\/uploads\/2Sbarro-184x184.jpg 184w, https:\/\/www.dingergroup.com\/wp-content\/uploads\/2Sbarro-200x200.jpg 200w\" sizes=\"auto, (max-width: 150px) 100vw, 150px\" \/><\/a> <a href=\"http:\/\/www.dingergroup.com\/wp-content\/uploads\/3Sbarro.jpg\"><img loading=\"lazy\" decoding=\"async\" class=\"alignnone size-thumbnail wp-image-432\" title=\"3Sbarro\" src=\"http:\/\/www.dingergroup.com\/wp-content\/uploads\/3Sbarro-150x150.jpg\" alt=\"\" width=\"150\" height=\"150\" srcset=\"https:\/\/www.dingergroup.com\/wp-content\/uploads\/3Sbarro-150x150.jpg 150w, https:\/\/www.dingergroup.com\/wp-content\/uploads\/3Sbarro-184x184.jpg 184w, https:\/\/www.dingergroup.com\/wp-content\/uploads\/3Sbarro-200x200.jpg 200w\" sizes=\"auto, (max-width: 150px) 100vw, 150px\" \/><\/a> <strong><\/strong><strong><\/strong><\/p>\n<p><strong>Geneva Asset Management<\/strong><\/p>\n<ul>\n<li>Administraci\u00f3n de Proyecto\/Construcci\u00f3n<\/li>\n<li>Proyecto: Remodelaci\u00f3n de oficina en <strong>Torre Global<\/strong><\/li>\n<li>Calle 50, Ciudad de Panam\u00e1.<strong> <\/strong><\/li>\n<\/ul>\n<p><strong><img loading=\"lazy\" decoding=\"async\" class=\"alignnone\" src=\"http:\/\/www.dingergroup.com\/wp-content\/uploads\/26 sept 07 018.jpg\" alt=\"\" width=\"188\" height=\"141\" \/> <\/strong><strong><img loading=\"lazy\" decoding=\"async\" class=\"alignnone\" src=\"http:\/\/www.dingergroup.com\/wp-content\/uploads\/11 dic 07 037.jpg\" alt=\"\" width=\"151\" height=\"202\" \/><\/strong> <strong><\/strong><strong><\/strong><\/p>\n<p><strong>GLOBAL BANK <\/strong><\/p>\n<ul>\n<li>Inspecci\u00f3n financiera<\/li>\n<li>Proyecto: PH Torre Perejil<\/li>\n<li>Perejil, Ciudad de Panam\u00e1<\/li>\n<\/ul>\n<p><strong>Rodelag<\/strong><\/p>\n<ul>\n<li>Estudios T\u00e9cnicos de Factibilidad<\/li>\n<li>Proyecto: Dise\u00f1o y Presupuesto Preliminar de <strong>Futuras Instalaciones<\/strong>.<\/li>\n<li>Ciudad de Panam\u00e1<\/li>\n<\/ul>\n<h4><strong>Digicel\/Huawei<em> <\/em><\/strong><\/h4>\n<ul>\n<li>Site Adquisition-Permisos-Construcci\u00f3n de Obra Civil<\/li>\n<li>Proyecto: <strong>Construcci\u00f3n de emplazamientos de telefon\u00eda celular<\/strong><\/li>\n<\/ul>\n<p><strong>Sunshine\/ <\/strong><strong>Sr. Alberto Yemail<\/strong><\/p>\n<ul>\n<li>Administraci\u00f3n de Proyecto<\/li>\n<li>Proyecto: Remodelaci\u00f3n de 4 oficinas en <strong>Torre Global<\/strong><\/li>\n<li>Calle 50, Ciudad de Panam\u00e1.<\/li>\n<li>Proyecto: Remodelaci\u00f3n de Apartamento.<\/li>\n<li>Edificio Bellagio, Punta Pac\u00edfica, Ciudad de Panam\u00e1.<\/li>\n<\/ul>\n<p><img loading=\"lazy\" decoding=\"async\" class=\"alignnone\" src=\"http:\/\/www.dingergroup.com\/wp-content\/uploads\/16 feb 07 074.jpg\" alt=\"\" width=\"230\" height=\"173\" \/> <a href=\"http:\/\/www.dingergroup.com\/wp-content\/uploads\/16-feb-07-077.jpg\"><img loading=\"lazy\" decoding=\"async\" class=\"alignnone size-medium wp-image-226\" title=\"16 feb 07 077\" src=\"http:\/\/www.dingergroup.com\/wp-content\/uploads\/16-feb-07-077-300x225.jpg\" alt=\"\" width=\"218\" height=\"164\" srcset=\"https:\/\/www.dingergroup.com\/wp-content\/uploads\/16-feb-07-077-300x225.jpg 300w, https:\/\/www.dingergroup.com\/wp-content\/uploads\/16-feb-07-077.jpg 640w\" sizes=\"auto, (max-width: 218px) 100vw, 218px\" \/><\/a><\/p>\n<h4><strong>ANIPAL S.A.<\/strong><\/h4>\n<ul>\n<li>Administraci\u00f3n de Proyecto<\/li>\n<li>Proyecto: <strong>Construcci\u00f3n de Residencia de Playa<\/strong><\/li>\n<li>R\u00edo Hato, Rep\u00fablica de Panam\u00e1<\/li>\n<\/ul>\n<p><strong>Luz Blanca Holding S.A.<\/strong><\/p>\n<ul>\n<li>Inspecci\u00f3n de Obra<\/li>\n<li>Proyecto: Construcci\u00f3n de Residencia de Playa<\/li>\n<li>Santa Clara, Rep. de Panama<\/li>\n<\/ul>\n<p><strong><img loading=\"lazy\" decoding=\"async\" class=\"alignnone\" src=\"http:\/\/www.dingergroup.com\/wp-content\/uploads\/luzblanca2.jpg\" alt=\"\" width=\"239\" height=\"179\" \/> <\/strong><strong><img loading=\"lazy\" decoding=\"async\" class=\"alignnone\" src=\"http:\/\/www.dingergroup.com\/wp-content\/uploads\/luzblanca.jpg\" alt=\"\" width=\"229\" height=\"172\" \/><\/strong> <strong><\/strong><\/p>\n<p><strong>Residencia Var Der Velden<\/strong><\/p>\n<ul>\n<li>Inspecci\u00f3n de Obra<strong> <\/strong><\/li>\n<li>Proyecto: Construcci\u00f3n de Residencia <strong><\/strong><\/li>\n<li>Costa del Este, Ciudad de Panama<\/li>\n<\/ul>\n<p><strong><img loading=\"lazy\" decoding=\"async\" class=\"alignnone\" src=\"http:\/\/www.dingergroup.com\/wp-content\/uploads\/18 oct 06 insp 077.jpg\" alt=\"\" width=\"228\" height=\"171\" \/> <\/strong><strong><img loading=\"lazy\" decoding=\"async\" class=\"alignnone\" src=\"http:\/\/www.dingergroup.com\/wp-content\/uploads\/18 oct 06 insp 076.jpg\" alt=\"\" width=\"237\" height=\"177\" \/><\/strong> <strong><\/strong><\/p>\n<p><strong>Residencia de Playa PH Solea <\/strong><\/p>\n<ul>\n<li>Inspecci\u00f3n de Obra<strong> <\/strong><\/li>\n<li>Proyecto: Construcci\u00f3n de Residencia de Playa<strong> <\/strong><\/li>\n<li>Santa Clara, Rep. de Panam\u00e1<\/li>\n<\/ul>\n<p><strong><img loading=\"lazy\" decoding=\"async\" class=\"alignnone\" src=\"http:\/\/www.dingergroup.com\/wp-content\/uploads\/Fotos2demayo019low.jpg\" alt=\"\" width=\"203\" height=\"152\" \/><\/strong><a href=\"http:\/\/www.dingergroup.com\/wp-content\/uploads\/Fotos-2-de-mayo-015.jpg\"> <img loading=\"lazy\" decoding=\"async\" class=\"alignnone size-medium wp-image-184\" title=\"Fotos 2 de mayo 015\" src=\"http:\/\/www.dingergroup.com\/wp-content\/uploads\/Fotos-2-de-mayo-015-300x225.jpg\" alt=\"\" width=\"197\" height=\"149\" srcset=\"https:\/\/www.dingergroup.com\/wp-content\/uploads\/Fotos-2-de-mayo-015-300x225.jpg 300w, https:\/\/www.dingergroup.com\/wp-content\/uploads\/Fotos-2-de-mayo-015-1024x768.jpg 1024w\" sizes=\"auto, (max-width: 197px) 100vw, 197px\" \/><\/a><\/p>\n<h4><strong>Mundial de Baseball 2011\u00a0Comite Organizador<\/strong><\/h4>\n<p><a href=\"http:\/\/www.dingergroup.com\/wp-content\/uploads\/IMG_1087.jpg\"><img loading=\"lazy\" decoding=\"async\" class=\"alignleft size-medium wp-image-334\" title=\"IMG_1087\" src=\"http:\/\/www.dingergroup.com\/wp-content\/uploads\/IMG_1087-300x225.jpg\" alt=\"\" width=\"300\" height=\"225\" srcset=\"https:\/\/www.dingergroup.com\/wp-content\/uploads\/IMG_1087-300x225.jpg 300w, https:\/\/www.dingergroup.com\/wp-content\/uploads\/IMG_1087-1024x768.jpg 1024w, https:\/\/www.dingergroup.com\/wp-content\/uploads\/IMG_1087.jpg 1600w\" sizes=\"auto, (max-width: 300px) 100vw, 300px\" \/><\/a><a href=\"http:\/\/www.dingergroup.com\/wp-content\/uploads\/P1050789.jpg\"><img loading=\"lazy\" decoding=\"async\" class=\"aligncenter size-medium wp-image-337\" title=\"P1050789\" src=\"http:\/\/www.dingergroup.com\/wp-content\/uploads\/P1050789-300x225.jpg\" alt=\"\" width=\"295\" height=\"225\" \/><\/a> <a href=\"http:\/\/www.dingergroup.com\/wp-content\/uploads\/P1050711.jpg\"><img loading=\"lazy\" decoding=\"async\" class=\"alignleft size-medium wp-image-338\" title=\"P1050711\" src=\"http:\/\/www.dingergroup.com\/wp-content\/uploads\/P1050711-300x225.jpg\" alt=\"\" width=\"300\" height=\"225\" srcset=\"https:\/\/www.dingergroup.com\/wp-content\/uploads\/P1050711-300x225.jpg 300w, https:\/\/www.dingergroup.com\/wp-content\/uploads\/P1050711.jpg 640w\" sizes=\"auto, (max-width: 300px) 100vw, 300px\" \/><\/a> <a href=\"http:\/\/www.dingergroup.com\/wp-content\/uploads\/IMG_1671.jpg\"><img loading=\"lazy\" decoding=\"async\" class=\"aligncenter size-medium wp-image-339\" title=\"IMG_1671\" src=\"http:\/\/www.dingergroup.com\/wp-content\/uploads\/IMG_1671-300x225.jpg\" alt=\"\" width=\"300\" height=\"225\" srcset=\"https:\/\/www.dingergroup.com\/wp-content\/uploads\/IMG_1671-300x225.jpg 300w, https:\/\/www.dingergroup.com\/wp-content\/uploads\/IMG_1671-1024x768.jpg 1024w, https:\/\/www.dingergroup.com\/wp-content\/uploads\/IMG_1671.jpg 1600w\" sizes=\"auto, (max-width: 300px) 100vw, 300px\" \/><\/a><\/p>\n<ul>\n<li>Inspeccion de estadios<\/li>\n<li>Proyecto: Mundial de Baseball 2011<\/li>\n<li>Estadios en: Panama(Rod Carew), Santiago(Omar Torrijos), Chitre(Rico Cede\u00f1o)\u00a0y Aguadulce(Remon\u00a0Cantera)<\/li>\n<\/ul>\n<h4><strong>Construmax <\/strong><\/h4>\n<p><strong><img loading=\"lazy\" decoding=\"async\" src=\"http:\/\/www.dingergroup.com\/wp-content\/uploads\/Plaza%20Construmax%20-%20Perspectiva.jpg\" alt=\"\" width=\"315\" height=\"150\" \/><\/strong><strong><a href=\"http:\/\/www.dingergroup.com\/wp-content\/uploads\/DSC02641.jpg\"><img loading=\"lazy\" decoding=\"async\" title=\"Avance\" src=\"http:\/\/www.dingergroup.com\/wp-content\/uploads\/DSC02641-300x225.jpg\" alt=\"\" width=\"197\" height=\"149\" \/><\/a> <\/strong><\/p>\n<ul>\n<li>Consultor\u00eca de proyecto<\/li>\n<li>Proyecto: Plaza Construmax<\/li>\n<li>David,\u00a0 Chiriqu\u00ec Panam\u00e1.<\/li>\n<\/ul>\n","protected":false},"excerpt":{"rendered":"<p>Fildegreand \u2022\u00a0Buenaventura. Edificio 6000 \u2022 Causeway de Amador. COPA AIRLINES (Compa\u00f1\u00eda Paname\u00f1a de Aviaci\u00f3n) Inspecci\u00f3n Proyecto: Remodelaci\u00f3n del Presidents Club. Toc\u00famen, Ciudad de Panam\u00e1. Banco Aliado Inspecci\u00f3n de Proyecto Proyecto: Remodelaci\u00f3n de Oficinas Calle 50, Ciudad de Panam\u00e1 Sbarro Panam\u00e1\/ Home Interiors Scavolini Administraci\u00f3n de Proyecto\/Construcci\u00f3n Proyecto: Remodelaci\u00f3n de restaurante Albrook Multiplaza Proyecto: Remodelaci\u00f3n de [&hellip;]<\/p>\n","protected":false},"author":1,"featured_media":0,"parent":0,"menu_order":0,"comment_status":"closed","ping_status":"closed","template":"","meta":{"footnotes":""},"class_list":["post-444","page","type-page","status-publish","hentry"],"_links":{"self":[{"href":"https:\/\/www.dingergroup.com\/en\/wp-json\/wp\/v2\/pages\/444","targetHints":{"allow":["GET"]}}],"collection":[{"href":"https:\/\/www.dingergroup.com\/en\/wp-json\/wp\/v2\/pages"}],"about":[{"href":"https:\/\/www.dingergroup.com\/en\/wp-json\/wp\/v2\/types\/page"}],"author":[{"embeddable":true,"href":"https:\/\/www.dingergroup.com\/en\/wp-json\/wp\/v2\/users\/1"}],"replies":[{"embeddable":true,"href":"https:\/\/www.dingergroup.com\/en\/wp-json\/wp\/v2\/comments?post=444"}],"version-history":[{"count":4,"href":"https:\/\/www.dingergroup.com\/en\/wp-json\/wp\/v2\/pages\/444\/revisions"}],"predecessor-version":[{"id":446,"href":"https:\/\/www.dingergroup.com\/en\/wp-json\/wp\/v2\/pages\/444\/revisions\/446"}],"wp:attachment":[{"href":"https:\/\/www.dingergroup.com\/en\/wp-json\/wp\/v2\/media?parent=444"}],"curies":[{"name":"wp","href":"https:\/\/api.w.org\/{rel}","templated":true}]}}